{"id":2331,"date":"2020-01-17T15:17:11","date_gmt":"2020-01-17T15:17:11","guid":{"rendered":"https:\/\/www.repete.com\/learning-center\/?page_id=2331"},"modified":"2020-10-01T15:27:07","modified_gmt":"2020-10-01T15:27:07","slug":"home","status":"publish","type":"page","link":"https:\/\/www.repete.com\/centro-aprendizaje\/","title":{"rendered":"Home"},"content":{"rendered":"<section id=\"section-5f75f54b03158\" class=\"fw-main-row parallax-section  tophome\" style=\"background:url(https:\/\/www.repete.com\/centro-aprendizaje\/wp-content\/uploads\/sites\/9\/2020\/04\/smx-navy.jpg) no-repeat center top fixed;background-size: cover;width: 100%;overflow: hidden;height: 500px;line-height: 500px\">\n<div>\n<div class=\"fw-container min-spacing\">\n<div class=\"fw-row\">\n<div id=\"column-5f75f54b034f8\" class=\"none  fw-col-sm-12      wow \" data-wow-offset=\"120\" data-wow-duration=\"1.5s\">\n<div class=\"fw-main-row\">\n<div class=\"fw-col-inner\">\n<div class=\"hero\">\n<div class=\"container vertical-center-rel\">\n<div class=\"row\">\n<div class=\"col-md-7 text-left\">\n<h1 class=\"text-white p-t-md\"><strong>Centro de Aprendizaje para Plantas de Nutrici\u00f3n Animal.<\/strong><\/h1>\n<p class=\"lead text-white m-b-md \">Una serie de art\u00edculos, gu\u00edas, videos y herramientas que estamos ampliando constantemente para ayudar a los operadores y propietarios de las plantas a aprender m\u00e1s sobre los sistemas de control automatizados.\n<\/p>\n<p>\t\t\t\t\t\t\t\t\t\t\t\t\t<a target=\"_self\" href=\"#call-to-action-2\" class=\"btn btn-self btn-ghost text-uppercase btn-lg\" rel=\"noopener noreferrer\">SUSCR\u00cdBASE AQU\u00cd<\/a>\n\t\t\t\t\t\t\t\t\t\t\t<\/div>\n<\/p><\/div>\n<p><!-- \/End Row -->\n\t\t<\/div>\n<p><!-- \/End Container --><\/p><\/div>\n<\/p><\/div>\n<\/p><\/div>\n<\/div>\n<\/div><\/div>\n<\/p><\/div>\n<\/section>\n<section id=\"section-5f75f54b038c9\" class=\"fw-main-row   auto \">\n<div>\n<div class=\"fw-container sections\">\n<div class=\"fw-row\">\n<div id=\"column-5f75f54b03c33\" class=\"none  fw-col-sm-12      wow \" data-wow-offset=\"120\" data-wow-duration=\"1.5s\">\n<div class=\"fw-main-row\">\n<div class=\"fw-col-inner\">\n<div class=\"fw-divider-space \" style=\"margin-bottom:24px\"><\/div>\n<\/p><\/div>\n<\/p><\/div>\n<\/div>\n<\/div>\n<div class=\"fw-row\">\n<div id=\"column-5f75f54b04166\" class=\"text-center  fw-col-sm-6      wow \" data-wow-offset=\"120\" data-wow-duration=\"1.5s\">\n<div class=\"fw-main-row\">\n<div class=\"fw-col-inner\">\n<div class=\"fw-divider-space space-md\"><\/div>\n<div class=\"fw-single-image \">\n\t\t    <img decoding=\"async\" src=\"\/\/www.repete.com\/centro-aprendizaje\/wp-content\/uploads\/sites\/9\/2020\/10\/inventory-visibility-final.png\" class=\"img-responsive self\" alt=\"\" \/>\n\t<\/div>\n<\/p><\/div>\n<\/p><\/div>\n<\/div>\n<div id=\"column-5f75f54b044d5\" class=\"text-left  fw-col-sm-6      wow \" data-wow-offset=\"120\" data-wow-duration=\"1.5s\" style=\"color:#ffffff\">\n<div class=\"fw-main-row\" style=\"height:555px;background-color:#01a7e1\">\n<div>\n<div class=\"fw-heading heading fw-heading-h5   \" style=\"color:\">\n<div class=\"fw-special-title-half\">\n<h5 class='fw-special-title'>ART\u00cdCULO<\/h5>\n<\/div>\n<div class=\"fw-special-subtitle-half\">\n<h4 class='fw-special-subtitle'>Un Mundo despu\u00e9s de COVID-19<\/h4>\n<\/div>\n<\/div>\n<p><span lang=\"EN-US\">Al momento de escribir esto, nos encontramos en la primera semana de cierre a causa del COVID-19.  Las personas est\u00e1n trabajando desde sus casas y tratando de acomodarse a lo que algunos consideran ser\u00e1 la nueva normalidad.  Si bien todos esperamos que no sea el caso, esta situaci\u00f3n nos da la oportunidad de hacer una pausa para reflexionar sobre qu\u00e9 suceder\u00eda si esto realmente se convierte en la nueva normalidad.  Lo que est\u00e1 sucediendo, sumado al envejecimiento de la poblaci\u00f3n y a las nuevas generaciones con menos deseos de trabajar en las plantas de nutrici\u00f3n animal, nos lleva a preguntarnos cu\u00e1l es la mejor manera de prepararnos para el futuro.<br \/><\/span><\/p>\n<div class=\"fw-divider-space \" style=\"margin-bottom:24px\"><\/div>\n<div class=\"text-left\">\n<p>        <a target=\"_self\" href=\"https:\/\/www.repete.mx\/centro_aprendizaje\/un-mundo-despues-de-covid-19\/\" class=\"btn btn-sm btn-self btn-ghost text-uppercase\" rel=\"noopener noreferrer\">  M\u00c1S INFORMACI\u00d3N<\/a>\n        <\/div>\n<\/p><\/div>\n<\/p><\/div>\n<\/div>\n<\/div><\/div>\n<\/p><\/div>\n<\/section>\n<p><!-- 0e09fc8c74283f7abcb3044703485331 --><\/p>\n","protected":false},"excerpt":{"rendered":"<p>Centro de Aprendizaje para Plantas de Nutrici\u00f3n Animal. Una serie de art\u00edculos, gu\u00edas, videos y herramientas que estamos ampliando constantemente para ayudar a los operadores y propietarios de las plantas a aprender m\u00e1s sobre los sistemas de control automatizados. SUSCR\u00cdBASE AQU\u00cd ART\u00cdCULO Un Mundo despu\u00e9s de COVID-19 Al momento de escribir esto, nos encontramos en [&hellip;]<\/p>\n","protected":false},"author":18,"featured_media":0,"parent":0,"menu_order":0,"comment_status":"closed","ping_status":"closed","template":"template\/template-homepage.php","meta":{"footnotes":""},"class_list":["post-2331","page","type-page","status-publish","hentry"],"_links":{"self":[{"href":"https:\/\/www.repete.com\/centro-aprendizaje\/wp-json\/wp\/v2\/pages\/2331","targetHints":{"allow":["GET"]}}],"collection":[{"href":"https:\/\/www.repete.com\/centro-aprendizaje\/wp-json\/wp\/v2\/pages"}],"about":[{"href":"https:\/\/www.repete.com\/centro-aprendizaje\/wp-json\/wp\/v2\/types\/page"}],"author":[{"embeddable":true,"href":"https:\/\/www.repete.com\/centro-aprendizaje\/wp-json\/wp\/v2\/users\/18"}],"replies":[{"embeddable":true,"href":"https:\/\/www.repete.com\/centro-aprendizaje\/wp-json\/wp\/v2\/comments?post=2331"}],"version-history":[{"count":2,"href":"https:\/\/www.repete.com\/centro-aprendizaje\/wp-json\/wp\/v2\/pages\/2331\/revisions"}],"predecessor-version":[{"id":2692,"href":"https:\/\/www.repete.com\/centro-aprendizaje\/wp-json\/wp\/v2\/pages\/2331\/revisions\/2692"}],"wp:attachment":[{"href":"https:\/\/www.repete.com\/centro-aprendizaje\/wp-json\/wp\/v2\/media?parent=2331"}],"curies":[{"name":"wp","href":"https:\/\/api.w.org\/{rel}","templated":true}]}}